{"id":7,"date":"2020-05-06T11:24:40","date_gmt":"2020-05-06T11:24:40","guid":{"rendered":"https:\/\/3b-lodge.ch\/wordpress\/?page_id=7"},"modified":"2020-05-07T15:23:18","modified_gmt":"2020-05-07T15:23:18","slug":"startseite","status":"publish","type":"page","link":"https:\/\/3b-lodge.ch\/","title":{"rendered":"Startseite"},"content":{"rendered":"\n\n<br>\n\n\n\n<h2 class=\"has-text-align-center schrift\"><strong><span class=\"has-inline-color has-vivid-red-color\">B<\/span>erger,&nbsp;<span class=\"has-inline-color has-vivid-red-color\">B<\/span>ed und&nbsp;<span class=\"has-inline-color has-vivid-red-color\">B<\/span>reakfast das heisst&nbsp;<span class=\"has-inline-color has-vivid-red-color\">3xB<\/span>&nbsp;das muesch gseh<\/strong><\/h2>\n\n\n\n<div class=\"wp-block-image\"><figure class=\"aligncenter size-large\"><img loading=\"lazy\" width=\"620\" height=\"465\" src=\"https:\/\/3b-lodge.ch\/wp-content\/uploads\/2020\/05\/home_haus_mitshadow.jpg\" alt=\"\" class=\"wp-image-44\" srcset=\"https:\/\/3b-lodge.ch\/wp-content\/uploads\/2020\/05\/home_haus_mitshadow.jpg 620w, https:\/\/3b-lodge.ch\/wp-content\/uploads\/2020\/05\/home_haus_mitshadow-300x225.jpg 300w\" sizes=\"(max-width: 620px) 100vw, 620px\" \/><\/figure><\/div>\n\n\n\n<div class=\"wp-block-group\"><div class=\"wp-block-group__inner-container\">\n<p>Nach 40 Jahren Montage im Aus- und Inland schreiben sich Geschichten allerhand. In mir entstand eine Vision, ein Projekt nach meiner Pension. <\/p>\n\n\n\n<p>Ich wurde vielerorts mit offenen H\u00e4nden empfangen, nun ist mein Wunsch, dass Sie dasselbe bei mir erlangen.Am Tor zum Berner-Oberland in Hilterfingen am sch\u00f6nen Thunersee liegt das&nbsp;3xB.<br>In unserer Region gibt es vieles zu erleben. Meiner Partnerin und mir ist Euer Wohlbefinden ein Bestreben. Die G\u00e4stezimmer befinden sich alle auf einer Etage mit WC\/Badezimmer.<\/p>\n\n\n\n<p>Gerne servieren wir Ihnen das reichhaltige Fr\u00fchst\u00fcck im Garten, auf der Laube mit Bergsicht oder in der Stube. <\/p>\n\n\n\n<p>Wir beraten Sie gerne \u00fcber Aktivit\u00e4ten: Wanderungen, Spazierg\u00e4nge, oder Velotouren in unsere herrlichen Natur. Unser wunderbarer See l\u00e4dt zum Baden, Schiff- Boot oder Segelfahrten ein.<br>Auch \u00fcber verschiedene kulturelle Anl\u00e4sse.<br>Wintersport-Orte sind auch in der N\u00e4he.<\/p>\n\n\n\n<p> Wir freuen uns mit Ihnen in Kontakt zu kommen, um Sie zu verw\u00f6hnen, so dass Sie sich gut erholen k\u00f6nnen.<br>Denn das w\u00fcrden wir Ihnen sehr g\u00f6nnen.&nbsp;<\/p>\n<\/div><\/div>\n\n\n\n<p><\/p>\n","protected":false},"excerpt":{"rendered":"<p>Berger,&nbsp;Bed und&nbsp;Breakfast das heisst&nbsp;3xB&nbsp;das muesch gseh Nach 40 Jahren Montage im Aus- und Inland schreiben sich Geschichten allerhand. In mir entstand eine Vision, ein Projekt nach meiner Pension. Ich wurde vielerorts mit offenen H\u00e4nden empfangen, nun ist mein Wunsch, dass Sie dasselbe bei mir erlangen.Am Tor zum Berner-Oberland in Hilterfingen am sch\u00f6nen Thunersee liegt das&nbsp;3xB.In &hellip;<\/p>\n<p class=\"read-more\"> <a class=\"\" href=\"https:\/\/3b-lodge.ch\/\"> <span class=\"screen-reader-text\">Startseite<\/span> Weiterlesen &raquo;<\/a><\/p>\n","protected":false},"author":1,"featured_media":0,"parent":0,"menu_order":0,"comment_status":"closed","ping_status":"closed","template":"","meta":[],"yoast_head":"<!-- This site is optimized with the Yoast SEO plugin v17.2 - https:\/\/yoast.com\/wordpress\/plugins\/seo\/ -->\n<title>Startseite - 3B-Lodge<\/title>\n<meta name=\"robots\" content=\"index, follow, max-snippet:-1, max-image-preview:large, max-video-preview:-1\" \/>\n<link rel=\"canonical\" href=\"https:\/\/3b-lodge.ch\/\" \/>\n<meta property=\"og:locale\" content=\"de_DE\" \/>\n<meta property=\"og:type\" content=\"article\" \/>\n<meta property=\"og:title\" content=\"Startseite - 3B-Lodge\" \/>\n<meta property=\"og:description\" content=\"Berger,&nbsp;Bed und&nbsp;Breakfast das heisst&nbsp;3xB&nbsp;das muesch gseh Nach 40 Jahren Montage im Aus- und Inland schreiben sich Geschichten allerhand. In mir entstand eine Vision, ein Projekt nach meiner Pension. Ich wurde vielerorts mit offenen H\u00e4nden empfangen, nun ist mein Wunsch, dass Sie dasselbe bei mir erlangen.Am Tor zum Berner-Oberland in Hilterfingen am sch\u00f6nen Thunersee liegt das&nbsp;3xB.In &hellip; Startseite Weiterlesen &raquo;\" \/>\n<meta property=\"og:url\" content=\"https:\/\/3b-lodge.ch\/\" \/>\n<meta property=\"og:site_name\" content=\"3B-Lodge\" \/>\n<meta property=\"article:modified_time\" content=\"2020-05-07T15:23:18+00:00\" \/>\n<meta property=\"og:image\" content=\"https:\/\/3b-lodge.ch\/wp-content\/uploads\/2020\/05\/home_haus_mitshadow.jpg\" \/>\n<meta name=\"twitter:card\" content=\"summary_large_image\" \/>\n<meta name=\"twitter:label1\" content=\"Gesch\u00e4tzte Lesezeit\" \/>\n\t<meta name=\"twitter:data1\" content=\"1 Minute\" \/>\n<script type=\"application\/ld+json\" class=\"yoast-schema-graph\">{\"@context\":\"https:\/\/schema.org\",\"@graph\":[{\"@type\":\"WebSite\",\"@id\":\"https:\/\/3b-lodge.ch\/#website\",\"url\":\"https:\/\/3b-lodge.ch\/\",\"name\":\"3B-Lodge\",\"description\":\"\",\"potentialAction\":[{\"@type\":\"SearchAction\",\"target\":{\"@type\":\"EntryPoint\",\"urlTemplate\":\"https:\/\/3b-lodge.ch\/?s={search_term_string}\"},\"query-input\":\"required name=search_term_string\"}],\"inLanguage\":\"de-DE\"},{\"@type\":\"ImageObject\",\"@id\":\"https:\/\/3b-lodge.ch\/#primaryimage\",\"inLanguage\":\"de-DE\",\"url\":\"https:\/\/3b-lodge.ch\/wp-content\/uploads\/2020\/05\/home_haus_mitshadow.jpg\",\"contentUrl\":\"https:\/\/3b-lodge.ch\/wp-content\/uploads\/2020\/05\/home_haus_mitshadow.jpg\",\"width\":620,\"height\":465},{\"@type\":\"WebPage\",\"@id\":\"https:\/\/3b-lodge.ch\/#webpage\",\"url\":\"https:\/\/3b-lodge.ch\/\",\"name\":\"Startseite - 3B-Lodge\",\"isPartOf\":{\"@id\":\"https:\/\/3b-lodge.ch\/#website\"},\"primaryImageOfPage\":{\"@id\":\"https:\/\/3b-lodge.ch\/#primaryimage\"},\"datePublished\":\"2020-05-06T11:24:40+00:00\",\"dateModified\":\"2020-05-07T15:23:18+00:00\",\"breadcrumb\":{\"@id\":\"https:\/\/3b-lodge.ch\/#breadcrumb\"},\"inLanguage\":\"de-DE\",\"potentialAction\":[{\"@type\":\"ReadAction\",\"target\":[\"https:\/\/3b-lodge.ch\/\"]}]},{\"@type\":\"BreadcrumbList\",\"@id\":\"https:\/\/3b-lodge.ch\/#breadcrumb\",\"itemListElement\":[{\"@type\":\"ListItem\",\"position\":1,\"name\":\"Home\",\"item\":\"https:\/\/3b-lodge.ch\/\"},{\"@type\":\"ListItem\",\"position\":2,\"name\":\"Startseite\"}]}]}<\/script>\n<!-- \/ Yoast SEO plugin. -->","yoast_head_json":{"title":"Startseite - 3B-Lodge","robots":{"index":"index","follow":"follow","max-snippet":"max-snippet:-1","max-image-preview":"max-image-preview:large","max-video-preview":"max-video-preview:-1"},"canonical":"https:\/\/3b-lodge.ch\/","og_locale":"de_DE","og_type":"article","og_title":"Startseite - 3B-Lodge","og_description":"Berger,&nbsp;Bed und&nbsp;Breakfast das heisst&nbsp;3xB&nbsp;das muesch gseh Nach 40 Jahren Montage im Aus- und Inland schreiben sich Geschichten allerhand. In mir entstand eine Vision, ein Projekt nach meiner Pension. Ich wurde vielerorts mit offenen H\u00e4nden empfangen, nun ist mein Wunsch, dass Sie dasselbe bei mir erlangen.Am Tor zum Berner-Oberland in Hilterfingen am sch\u00f6nen Thunersee liegt das&nbsp;3xB.In &hellip; Startseite Weiterlesen &raquo;","og_url":"https:\/\/3b-lodge.ch\/","og_site_name":"3B-Lodge","article_modified_time":"2020-05-07T15:23:18+00:00","og_image":[{"url":"https:\/\/3b-lodge.ch\/wp-content\/uploads\/2020\/05\/home_haus_mitshadow.jpg"}],"twitter_card":"summary_large_image","twitter_misc":{"Gesch\u00e4tzte Lesezeit":"1 Minute"},"schema":{"@context":"https:\/\/schema.org","@graph":[{"@type":"WebSite","@id":"https:\/\/3b-lodge.ch\/#website","url":"https:\/\/3b-lodge.ch\/","name":"3B-Lodge","description":"","potentialAction":[{"@type":"SearchAction","target":{"@type":"EntryPoint","urlTemplate":"https:\/\/3b-lodge.ch\/?s={search_term_string}"},"query-input":"required name=search_term_string"}],"inLanguage":"de-DE"},{"@type":"ImageObject","@id":"https:\/\/3b-lodge.ch\/#primaryimage","inLanguage":"de-DE","url":"https:\/\/3b-lodge.ch\/wp-content\/uploads\/2020\/05\/home_haus_mitshadow.jpg","contentUrl":"https:\/\/3b-lodge.ch\/wp-content\/uploads\/2020\/05\/home_haus_mitshadow.jpg","width":620,"height":465},{"@type":"WebPage","@id":"https:\/\/3b-lodge.ch\/#webpage","url":"https:\/\/3b-lodge.ch\/","name":"Startseite - 3B-Lodge","isPartOf":{"@id":"https:\/\/3b-lodge.ch\/#website"},"primaryImageOfPage":{"@id":"https:\/\/3b-lodge.ch\/#primaryimage"},"datePublished":"2020-05-06T11:24:40+00:00","dateModified":"2020-05-07T15:23:18+00:00","breadcrumb":{"@id":"https:\/\/3b-lodge.ch\/#breadcrumb"},"inLanguage":"de-DE","potentialAction":[{"@type":"ReadAction","target":["https:\/\/3b-lodge.ch\/"]}]},{"@type":"BreadcrumbList","@id":"https:\/\/3b-lodge.ch\/#breadcrumb","itemListElement":[{"@type":"ListItem","position":1,"name":"Home","item":"https:\/\/3b-lodge.ch\/"},{"@type":"ListItem","position":2,"name":"Startseite"}]}]}},"_links":{"self":[{"href":"https:\/\/3b-lodge.ch\/index.php\/wp-json\/wp\/v2\/pages\/7"}],"collection":[{"href":"https:\/\/3b-lodge.ch\/index.php\/wp-json\/wp\/v2\/pages"}],"about":[{"href":"https:\/\/3b-lodge.ch\/index.php\/wp-json\/wp\/v2\/types\/page"}],"author":[{"embeddable":true,"href":"https:\/\/3b-lodge.ch\/index.php\/wp-json\/wp\/v2\/users\/1"}],"replies":[{"embeddable":true,"href":"https:\/\/3b-lodge.ch\/index.php\/wp-json\/wp\/v2\/comments?post=7"}],"version-history":[{"count":13,"href":"https:\/\/3b-lodge.ch\/index.php\/wp-json\/wp\/v2\/pages\/7\/revisions"}],"predecessor-version":[{"id":142,"href":"https:\/\/3b-lodge.ch\/index.php\/wp-json\/wp\/v2\/pages\/7\/revisions\/142"}],"wp:attachment":[{"href":"https:\/\/3b-lodge.ch\/index.php\/wp-json\/wp\/v2\/media?parent=7"}],"curies":[{"name":"wp","href":"https:\/\/api.w.org\/{rel}","templated":true}]}}